{"id":291,"date":"2021-06-25T10:30:41","date_gmt":"2021-06-25T10:30:41","guid":{"rendered":"http:\/\/hschneeklothsvej.dk\/?page_id=291"},"modified":"2023-09-01T12:19:16","modified_gmt":"2023-09-01T12:19:16","slug":"indergard-og-gardhave","status":"publish","type":"page","link":"https:\/\/hschneeklothsvej.dk\/?page_id=291","title":{"rendered":"Inderg\u00e5rd og g\u00e5rdhave"},"content":{"rendered":"<h3><strong>Cykelparkering<\/strong><\/h3>\n<p><img loading=\"lazy\" decoding=\"async\" src=\"http:\/\/hschneeklothsvej.dk\/wp-content\/uploads\/2021\/10\/cykelgaard2.jpg\" alt=\"\" width=\"495\" height=\"297\" \/><br \/>\nEn stor del af inderg\u00e5rden best\u00e5r af overd\u00e6kket cykelparkering med 100 pladser i stativ som frit kan benyttes af beboerne. Ligeledes er der under tag ca 5 pladser udenfor stativ til ladcykler. Cykelg\u00e5rden blev renoveret i efter\u00e5ret 2021. Motork\u00f8ret\u00f8jer m\u00e5 ikke parkeres i inderg\u00e5rden.<br \/>\n<img loading=\"lazy\" decoding=\"async\" src=\"http:\/\/hschneeklothsvej.dk\/wp-content\/uploads\/2021\/10\/cykelgaard1.jpg\" alt=\"\" width=\"495\" height=\"297\" \/><\/p>\n<p>Skulle din cykel tr\u00e6nge til luft, har foreningen ogs\u00e5 en kompressor i cykelg\u00e5rden.<br \/>\n<img loading=\"lazy\" decoding=\"async\" src=\"http:\/\/hschneeklothsvej.dk\/wp-content\/uploads\/2023\/09\/kompressor.jpg\" alt=\"\" width=\"495\" height=\"297\" \/><br \/>\nBem\u00e6rk at der ogs\u00e5 er 9 pladser i stativ p\u00e5 gaden foran nr 3 og 12 pladser foran nr 7. Disse pladser er dog ikke overd\u00e6kkede.<\/p>\n<h3><strong>Petanquebane<\/strong><\/h3>\n<p><img loading=\"lazy\" decoding=\"async\" src=\"http:\/\/hschneeklothsvej.dk\/wp-content\/uploads\/2023\/09\/petanque.jpg\" alt=\"\" width=\"495\" height=\"297\" \/><br \/>\nFindes i cykelg\u00e5rden<\/p>\n<h3><strong>Kasser med h\u00f8jbede<\/strong><\/h3>\n<p><img loading=\"lazy\" decoding=\"async\" src=\"http:\/\/hschneeklothsvej.dk\/wp-content\/uploads\/2023\/09\/kasser.jpg\" alt=\"\" width=\"495\" height=\"297\" \/><br \/>\nFindes der 7 af i cykelg\u00e5rden. Henvend dig til formanden, hvis du er interesseret i brugsretten til en af dem.<\/p>\n<h3><strong>V\u00e6rkstedslokale<\/strong><\/h3>\n<p>Foreningen har et v\u00e6rkstedslokale med en del mindre v\u00e6rkt\u00f8j ved siden af selskabslokalet i inderg\u00e5rden. Her er ogs\u00e5 mulighed for at reparere cyklen. Du skal anvende samme n\u00f8gle som til porten for at komme ind.<\/p>\n<h3><strong>Barnevognsrum<\/strong><\/h3>\n<p>Foreningen har et barnevognsrum med indgang i sydenden af g\u00e5rdhavemilj\u00f8et. Du skal anvende samme n\u00f8gle som til porten for at komme ind.<\/p>\n<h3><strong>Toilet i g\u00e5rdhaven<\/strong><\/h3>\n<p>I k\u00e6lderhalsen mellem k\u00f8kkentrapperne til opgang 5 og 7 er der et toilet.<\/p>\n<h3><strong>T\u00f8rresnor<\/strong><\/h3>\n<p>Ud for nr 13 er det et areal med ca 100 meter t\u00f8rresnor til oph\u00e6ngning af vasket\u00f8j. Klemmerne m\u00e5 du selv medbringe.<\/p>\n<h3><strong>Borde, b\u00e6nke, grills og parasoller<\/strong><\/h3>\n<p><img loading=\"lazy\" decoding=\"async\" class=\"alignnone wp-image-261\" src=\"http:\/\/hschneeklothsvej.dk\/wp-content\/uploads\/2021\/07\/Havebillede2.jpg\" alt=\"\" width=\"495\" height=\"297\" \/><br \/>\nFindes flere steder i g\u00e5rdhaven til fri afbenyttelse for beboerne. Men efterlad dem i samme stand og samme sted som du overtog dem.<\/p>\n<h3><strong>Gynger, rutsjebane, legehus og sandkasse<\/strong><\/h3>\n<p>Findes i den nordlige ende af g\u00e5rdhaven.<\/p>\n<h3><strong>Garager<\/strong><\/h3>\n<p>Til ejendommen h\u00f8rer 5 garager i g\u00e5rden. Den sydligste er ejet af foreningen og bruges til storskrald. De andre 4 er ejet af beboere i foreningen.<\/p>\n","protected":false},"excerpt":{"rendered":"<p>Cykelparkering En stor del af inderg\u00e5rden best\u00e5r af overd\u00e6kket cykelparkering med 100 pladser i stativ som frit kan benyttes af beboerne. Ligeledes er der under tag ca 5 pladser udenfor stativ til ladcykler. Cykelg\u00e5rden blev renoveret i efter\u00e5ret 2021. Motork\u00f8ret\u00f8jer m\u00e5 ikke parkeres i inderg\u00e5rden. Skulle din cykel tr\u00e6nge til luft, har foreningen ogs\u00e5 en &hellip; <\/p>\n<p class=\"link-more\"><a href=\"https:\/\/hschneeklothsvej.dk\/?page_id=291\" class=\"more-link\">Continue reading<span class=\"screen-reader-text\"> &#8220;Inderg\u00e5rd og g\u00e5rdhave&#8221;<\/span><\/a><\/p>\n","protected":false},"author":1,"featured_media":0,"parent":0,"menu_order":0,"comment_status":"closed","ping_status":"closed","template":"","meta":{"footnotes":""},"_links":{"self":[{"href":"https:\/\/hschneeklothsvej.dk\/index.php?rest_route=\/wp\/v2\/pages\/291"}],"collection":[{"href":"https:\/\/hschneeklothsvej.dk\/index.php?rest_route=\/wp\/v2\/pages"}],"about":[{"href":"https:\/\/hschneeklothsvej.dk\/index.php?rest_route=\/wp\/v2\/types\/page"}],"author":[{"embeddable":true,"href":"https:\/\/hschneeklothsvej.dk\/index.php?rest_route=\/wp\/v2\/users\/1"}],"replies":[{"embeddable":true,"href":"https:\/\/hschneeklothsvej.dk\/index.php?rest_route=%2Fwp%2Fv2%2Fcomments&post=291"}],"version-history":[{"count":27,"href":"https:\/\/hschneeklothsvej.dk\/index.php?rest_route=\/wp\/v2\/pages\/291\/revisions"}],"predecessor-version":[{"id":743,"href":"https:\/\/hschneeklothsvej.dk\/index.php?rest_route=\/wp\/v2\/pages\/291\/revisions\/743"}],"wp:attachment":[{"href":"https:\/\/hschneeklothsvej.dk\/index.php?rest_route=%2Fwp%2Fv2%2Fmedia&parent=291"}],"curies":[{"name":"wp","href":"https:\/\/api.w.org\/{rel}","templated":true}]}}