{"id":48,"date":"2018-09-26T18:25:46","date_gmt":"2018-09-26T18:25:46","guid":{"rendered":"http:\/\/hschneeklothsvej.dk\/?page_id=48"},"modified":"2026-04-20T08:33:03","modified_gmt":"2026-04-20T08:33:03","slug":"kommende-aktiviteter","status":"publish","type":"page","link":"https:\/\/hschneeklothsvej.dk\/?page_id=48","title":{"rendered":"Aktivitetskalender"},"content":{"rendered":"<h3><strong>Generalforsamling<\/strong><\/h3>\n<p>Foreningens \u00f8verste myndighed, hvor alle v\u00e6sentlige sp\u00f8rgsm\u00e5l om \u00f8konomi, projekter mv dr\u00f8ftes og besluttes. M\u00f8d derfor op og g\u00f8r din indflydelse g\u00e6ldende. Hvis andre (fx dine for\u00e6ldre) st\u00e5r opf\u00f8rt som ejer af din lejlighed, skal du have fuldmagt fra dem for at have stemmeret til generalforsamlingen.<\/p>\n<p>N\u00e6ste ordin\u00e6re generalforsamling: <strong>For\u00e5r<\/strong> <strong>2027<\/strong><\/p>\n<h3><strong>F\u00e6llesdag<\/strong><\/h3>\n<p>Det frivillige tiltag, hvor alle der har lyst til at hj\u00e6lpe til med at holde ejendommen p\u00e6n og attraktiv kan deltage. Den perfekte m\u00e5de at l\u00e6re dine naboer at kende p\u00e5.<\/p>\n<table>\n<tbody>\n<tr>\n<td><img loading=\"lazy\" decoding=\"async\" class=\"alignnone wp-image-261\" src=\"http:\/\/hschneeklothsvej.dk\/wp-content\/uploads\/2023\/05\/malere.jpg\" alt=\"\" width=\"268\" height=\"201\" \/><\/td>\n<td><img loading=\"lazy\" decoding=\"async\" class=\"alignnone wp-image-261\" src=\"http:\/\/hschneeklothsvej.dk\/wp-content\/uploads\/2023\/05\/havekasser.jpg\" alt=\"\" width=\"268\" height=\"201\" \/><\/td>\n<\/tr>\n<\/tbody>\n<\/table>\n<p>Dagen slutter af med at foreningen giver lidt at spise og drikke.<\/p>\n<table>\n<tbody>\n<tr>\n<td><img loading=\"lazy\" decoding=\"async\" class=\"alignnone wp-image-261\" src=\"http:\/\/hschneeklothsvej.dk\/wp-content\/uploads\/2023\/05\/spisning2.jpg\" alt=\"\" width=\"267\" height=\"356\" \/><\/td>\n<td><img loading=\"lazy\" decoding=\"async\" class=\"alignnone wp-image-261\" src=\"http:\/\/hschneeklothsvej.dk\/wp-content\/uploads\/2023\/05\/spisning3.jpg\" alt=\"\" width=\"267\" height=\"356\" \/><\/td>\n<\/tr>\n<\/tbody>\n<\/table>\n<p>N\u00e6ste f\u00e6llesdag: <strong>2. maj 2026 (3. maj i tilf\u00e6lde af d\u00e5rligt vejr)<\/strong><\/p>\n<h3><strong>Sommerfest, grillaften, julefest, fastelavn og b\u00f8rnedag<\/strong><\/h3>\n<p>S\u00e5danne arrangementer er i h\u00f8j grad afh\u00e6ngig af at en eller flere beboere selv tager initiativet. Men foreningen st\u00f8tter gerne op, hvor den kan.<\/p>\n<h3><strong>Kommende projekter<\/strong><\/h3>\n<p>F\u00f8lgende er igangsat, planl\u00e6gges eller overvejes i den n\u00e6rmeste tid:<\/p>\n<ul>\n<li style=\"list-style-type: none;\">\n<ul>\n<li>Skift til 2-strenget radiatorsystem<\/li>\n<\/ul>\n<\/li>\n<\/ul>\n","protected":false},"excerpt":{"rendered":"<p>Generalforsamling Foreningens \u00f8verste myndighed, hvor alle v\u00e6sentlige sp\u00f8rgsm\u00e5l om \u00f8konomi, projekter mv dr\u00f8ftes og besluttes. M\u00f8d derfor op og g\u00f8r din indflydelse g\u00e6ldende. Hvis andre (fx dine for\u00e6ldre) st\u00e5r opf\u00f8rt som ejer af din lejlighed, skal du have fuldmagt fra dem for at have stemmeret til generalforsamlingen. N\u00e6ste ordin\u00e6re generalforsamling: For\u00e5r 2027 F\u00e6llesdag Det frivillige &hellip; <\/p>\n<p class=\"link-more\"><a href=\"https:\/\/hschneeklothsvej.dk\/?page_id=48\" class=\"more-link\">Continue reading<span class=\"screen-reader-text\"> &#8220;Aktivitetskalender&#8221;<\/span><\/a><\/p>\n","protected":false},"author":4,"featured_media":0,"parent":0,"menu_order":0,"comment_status":"closed","ping_status":"closed","template":"","meta":{"footnotes":""},"_links":{"self":[{"href":"https:\/\/hschneeklothsvej.dk\/index.php?rest_route=\/wp\/v2\/pages\/48"}],"collection":[{"href":"https:\/\/hschneeklothsvej.dk\/index.php?rest_route=\/wp\/v2\/pages"}],"about":[{"href":"https:\/\/hschneeklothsvej.dk\/index.php?rest_route=\/wp\/v2\/types\/page"}],"author":[{"embeddable":true,"href":"https:\/\/hschneeklothsvej.dk\/index.php?rest_route=\/wp\/v2\/users\/4"}],"replies":[{"embeddable":true,"href":"https:\/\/hschneeklothsvej.dk\/index.php?rest_route=%2Fwp%2Fv2%2Fcomments&post=48"}],"version-history":[{"count":97,"href":"https:\/\/hschneeklothsvej.dk\/index.php?rest_route=\/wp\/v2\/pages\/48\/revisions"}],"predecessor-version":[{"id":871,"href":"https:\/\/hschneeklothsvej.dk\/index.php?rest_route=\/wp\/v2\/pages\/48\/revisions\/871"}],"wp:attachment":[{"href":"https:\/\/hschneeklothsvej.dk\/index.php?rest_route=%2Fwp%2Fv2%2Fmedia&parent=48"}],"curies":[{"name":"wp","href":"https:\/\/api.w.org\/{rel}","templated":true}]}}