{"id":57,"date":"2018-09-26T18:41:16","date_gmt":"2018-09-26T18:41:16","guid":{"rendered":"http:\/\/hschneeklothsvej.dk\/?page_id=57"},"modified":"2023-12-11T14:29:57","modified_gmt":"2023-12-11T14:29:57","slug":"leje-af-faelleshus","status":"publish","type":"page","link":"https:\/\/hschneeklothsvej.dk\/?page_id=57","title":{"rendered":"Selskabslokale"},"content":{"rendered":"<table>\n<tbody>\n<tr>\n<td><img loading=\"lazy\" decoding=\"async\" class=\"alignnone wp-image-261\" src=\"http:\/\/hschneeklothsvej.dk\/wp-content\/uploads\/2023\/12\/selskab3.jpg\" alt=\"\" width=\"248\" height=\"278\" \/><\/td>\n<td><img loading=\"lazy\" decoding=\"async\" class=\"alignnone wp-image-261\" src=\"http:\/\/hschneeklothsvej.dk\/wp-content\/uploads\/2023\/12\/selskab4.jpg\" alt=\"\" width=\"248\" height=\"278\" \/><\/td>\n<\/tr>\n<\/tbody>\n<\/table>\n<p>Foreningen er i inderg\u00e5rden i besiddelse af et selskabslokale p\u00e5 50 kvadratmeter med tilh\u00f8rende k\u00f8kken og toiletter. K\u00f8kkenet er forsynet med et k\u00f8le\/fryseskab, et komfur med ovn og yderligere en separat ovn og mikroovn samt opvaskemaskine. Desuden to kaffemaskiner, to elkedler og diverse sk\u00e5le og fade. I depotrummet er der borde og stole til ca 40 personer, ligesom der i sk\u00e6nken i selskabslokalet er tallerkener, glas, kopper\u00a0og bestik til ca 40 personer. Bem\u00e6rk at brandtilsynet kun tillader 30 personer ad gangen inde i lokalet.<\/p>\n<p><img decoding=\"async\" class=\"alignnone wp-image-261\" src=\"http:\/\/hschneeklothsvej.dk\/wp-content\/uploads\/2023\/12\/selskab1.jpg\" alt=\"\" width=\"520\" \/><\/p>\n<p><img decoding=\"async\" class=\"alignnone wp-image-261\" src=\"http:\/\/hschneeklothsvej.dk\/wp-content\/uploads\/2021\/07\/indergaard3.jpg\" alt=\"\" width=\"520\" \/><br \/>\nDer er desuden mulighed for at sidde ude i inderg\u00e5rden i tilslutning til selskabslokalet.<\/p>\n<p>Selskabslokalet blev renoveret for\u00e5ret 2021.<\/p>\n<h3><strong>Kontakt og regler ved leje<\/strong><\/h3>\n<p>Selskabslokalet kan lejes af beboerne for et mindre bel\u00f8b. Booking af selskabslokale sker ved henvendelse til bestyrelsen p\u00e5:\u00a0<a href=\"mailto:formand@hschneeklothsvej.dk\">formand@hschneeklothsvej.dk<\/a><\/p>\n<p>Leje af selskabslokale sker under ansvar for,\u00a0 at foreningens reglement bliver overholdt:\u00a0<a href=\"http:\/\/hschneeklothsvej.dk\/wp-content\/uploads\/2021\/08\/Leje-af-selskabslokalet.pdf\">Regler for leje af selskabslokale<\/a><\/p>\n","protected":false},"excerpt":{"rendered":"<p>Foreningen er i inderg\u00e5rden i besiddelse af et selskabslokale p\u00e5 50 kvadratmeter med tilh\u00f8rende k\u00f8kken og toiletter. K\u00f8kkenet er forsynet med et k\u00f8le\/fryseskab, et komfur med ovn og yderligere en separat ovn og mikroovn samt opvaskemaskine. Desuden to kaffemaskiner, to elkedler og diverse sk\u00e5le og fade. I depotrummet er der borde og stole til ca &hellip; <\/p>\n<p class=\"link-more\"><a href=\"https:\/\/hschneeklothsvej.dk\/?page_id=57\" class=\"more-link\">Continue reading<span class=\"screen-reader-text\"> &#8220;Selskabslokale&#8221;<\/span><\/a><\/p>\n","protected":false},"author":4,"featured_media":0,"parent":0,"menu_order":0,"comment_status":"closed","ping_status":"closed","template":"","meta":{"footnotes":""},"_links":{"self":[{"href":"https:\/\/hschneeklothsvej.dk\/index.php?rest_route=\/wp\/v2\/pages\/57"}],"collection":[{"href":"https:\/\/hschneeklothsvej.dk\/index.php?rest_route=\/wp\/v2\/pages"}],"about":[{"href":"https:\/\/hschneeklothsvej.dk\/index.php?rest_route=\/wp\/v2\/types\/page"}],"author":[{"embeddable":true,"href":"https:\/\/hschneeklothsvej.dk\/index.php?rest_route=\/wp\/v2\/users\/4"}],"replies":[{"embeddable":true,"href":"https:\/\/hschneeklothsvej.dk\/index.php?rest_route=%2Fwp%2Fv2%2Fcomments&post=57"}],"version-history":[{"count":32,"href":"https:\/\/hschneeklothsvej.dk\/index.php?rest_route=\/wp\/v2\/pages\/57\/revisions"}],"predecessor-version":[{"id":769,"href":"https:\/\/hschneeklothsvej.dk\/index.php?rest_route=\/wp\/v2\/pages\/57\/revisions\/769"}],"wp:attachment":[{"href":"https:\/\/hschneeklothsvej.dk\/index.php?rest_route=%2Fwp%2Fv2%2Fmedia&parent=57"}],"curies":[{"name":"wp","href":"https:\/\/api.w.org\/{rel}","templated":true}]}}